{"id":3718,"date":"2024-01-09T14:14:05","date_gmt":"2024-01-09T13:14:05","guid":{"rendered":"https:\/\/www.wakeupspace.com\/?page_id=3718"},"modified":"2024-02-26T17:21:55","modified_gmt":"2024-02-26T16:21:55","slug":"press","status":"publish","type":"page","link":"https:\/\/www.wakeupspace.com\/en\/categories\/press\/","title":{"rendered":"Press"},"content":{"rendered":"\t\t<div data-elementor-type=\"wp-page\" data-elementor-id=\"3718\" class=\"elementor elementor-3718 elementor-3398\">\n\t\t\t\t\t\t\t\t\t<section class=\"elementor-section elementor-top-section elementor-element elementor-element-ddc0dc5 elementor-section-boxed elementor-section-height-default elementor-section-height-default parallax_section_no qode_elementor_container_no\" data-id=\"ddc0dc5\" data-element_type=\"section\">\n\t\t\t\t\t\t<div class=\"elementor-container elementor-column-gap-default\">\n\t\t\t\t\t<div class=\"elementor-column elementor-col-100 elementor-top-column elementor-element elementor-element-29c206a\" data-id=\"29c206a\" data-element_type=\"column\">\n\t\t\t<div class=\"elementor-widget-wrap elementor-element-populated\">\n\t\t\t\t\t\t\t\t<div class=\"elementor-element elementor-element-2d681d8 elementor-widget elementor-widget-text-editor\" data-id=\"2d681d8\" data-element_type=\"widget\" data-widget_type=\"text-editor.default\">\n\t\t\t\t<div class=\"elementor-widget-container\">\n\t\t\t<style>\/*! elementor - v3.6.8 - 27-07-2022 *\/\n.elementor-widget-text-editor.elementor-drop-cap-view-stacked .elementor-drop-cap{background-color:#818a91;color:#fff}.elementor-widget-text-editor.elementor-drop-cap-view-framed .elementor-drop-cap{color:#818a91;border:3px solid;background-color:transparent}.elementor-widget-text-editor:not(.elementor-drop-cap-view-default) .elementor-drop-cap{margin-top:8px}.elementor-widget-text-editor:not(.elementor-drop-cap-view-default) .elementor-drop-cap-letter{width:1em;height:1em}.elementor-widget-text-editor .elementor-drop-cap{float:left;text-align:center;line-height:1;font-size:50px}.elementor-widget-text-editor .elementor-drop-cap-letter{display:inline-block}<\/style>\t\t\t\t<h3><span style=\"text-decoration: underline;\">WAKE UP! \/ CATEGORIES<\/span><\/h3>\t\t\t\t\t\t<\/div>\n\t\t\t\t<\/div>\n\t\t\t\t<div class=\"elementor-element elementor-element-c41b506 elementor-widget elementor-widget-heading\" data-id=\"c41b506\" data-element_type=\"widget\" data-widget_type=\"heading.default\">\n\t\t\t\t<div class=\"elementor-widget-container\">\n\t\t\t<style>\/*! elementor - v3.6.8 - 27-07-2022 *\/\n.elementor-heading-title{padding:0;margin:0;line-height:1}.elementor-widget-heading .elementor-heading-title[class*=elementor-size-]>a{color:inherit;font-size:inherit;line-height:inherit}.elementor-widget-heading .elementor-heading-title.elementor-size-small{font-size:15px}.elementor-widget-heading .elementor-heading-title.elementor-size-medium{font-size:19px}.elementor-widget-heading .elementor-heading-title.elementor-size-large{font-size:29px}.elementor-widget-heading .elementor-heading-title.elementor-size-xl{font-size:39px}.elementor-widget-heading .elementor-heading-title.elementor-size-xxl{font-size:59px}<\/style><h1 class=\"elementor-heading-title elementor-size-default\">PRESS<\/h1>\t\t<\/div>\n\t\t\t\t<\/div>\n\t\t\t\t\t<\/div>\n\t\t<\/div>\n\t\t\t\t\t\t\t<\/div>\n\t\t<\/section>\n\t\t\t\t<section class=\"elementor-section elementor-top-section elementor-element elementor-element-f94bfe6 elementor-section-boxed elementor-section-height-default elementor-section-height-default parallax_section_no qode_elementor_container_no\" data-id=\"f94bfe6\" data-element_type=\"section\">\n\t\t\t\t\t\t<div class=\"elementor-container elementor-column-gap-default\">\n\t\t\t\t\t<div class=\"elementor-column elementor-col-100 elementor-top-column elementor-element elementor-element-f02b8e7\" data-id=\"f02b8e7\" data-element_type=\"column\">\n\t\t\t<div class=\"elementor-widget-wrap elementor-element-populated\">\n\t\t\t\t\t\t\t\t<div class=\"elementor-element elementor-element-72b6513 elementor-widget elementor-widget-text-editor\" data-id=\"72b6513\" data-element_type=\"widget\" data-widget_type=\"text-editor.default\">\n\t\t\t\t<div class=\"elementor-widget-container\">\n\t\t\t\t\t\t\t<p class=\"p1\">ENTER THE WAKE UP EXPERIENCE! AND IMMERSE YOURSELF IN THE STORIES, SUCCESSES AND PERSPECTIVES THAT SHAPE THE PATH OF THE STUDENTS OF THE POLITECNICO DI MILAN SCHOOL OF DESIGN TOWARDS INNOVATION AND EXCELLENCE IN THE SECTOR OF FASHION, DESIGN AND THE ITALIAN LIFESTYLE.<\/p>\t\t\t\t\t\t<\/div>\n\t\t\t\t<\/div>\n\t\t\t\t\t<\/div>\n\t\t<\/div>\n\t\t\t\t\t\t\t<\/div>\n\t\t<\/section>\n\t\t\t\t<section class=\"elementor-section elementor-top-section elementor-element elementor-element-f13598d elementor-section-boxed elementor-section-height-default elementor-section-height-default parallax_section_no qode_elementor_container_no\" data-id=\"f13598d\" data-element_type=\"section\">\n\t\t\t\t\t\t<div class=\"elementor-container elementor-column-gap-default\">\n\t\t\t\t\t<div class=\"elementor-column elementor-col-50 elementor-top-column elementor-element elementor-element-92a9ece elementor-invisible\" data-id=\"92a9ece\" data-element_type=\"column\" data-settings=\"{&quot;animation&quot;:&quot;fadeInLeft&quot;}\">\n\t\t\t<div class=\"elementor-widget-wrap elementor-element-populated\">\n\t\t\t\t\t\t\t\t<div class=\"elementor-element elementor-element-b29474b elementor-widget elementor-widget-image\" data-id=\"b29474b\" data-element_type=\"widget\" data-widget_type=\"image.default\">\n\t\t\t\t<div class=\"elementor-widget-container\">\n\t\t\t<style>\/*! elementor - v3.6.8 - 27-07-2022 *\/\n.elementor-widget-image{text-align:center}.elementor-widget-image a{display:inline-block}.elementor-widget-image a img[src$=\".svg\"]{width:48px}.elementor-widget-image img{vertical-align:middle;display:inline-block}<\/style>\t\t\t\t\t\t\t\t\t\t\t\t<img width=\"800\" height=\"530\" src=\"https:\/\/www.wakeupspace.com\/wp-content\/uploads\/2022\/12\/NewWave-Wake-Up3.jpg\" class=\"attachment-large size-large\" alt=\"\" loading=\"lazy\" srcset=\"https:\/\/www.wakeupspace.com\/wp-content\/uploads\/2022\/12\/NewWave-Wake-Up3.jpg 800w, https:\/\/www.wakeupspace.com\/wp-content\/uploads\/2022\/12\/NewWave-Wake-Up3-300x199.jpg 300w, https:\/\/www.wakeupspace.com\/wp-content\/uploads\/2022\/12\/NewWave-Wake-Up3-768x509.jpg 768w, https:\/\/www.wakeupspace.com\/wp-content\/uploads\/2022\/12\/NewWave-Wake-Up3-700x464.jpg 700w\" sizes=\"(max-width: 800px) 100vw, 800px\" \/>\t\t\t\t\t\t\t\t\t\t\t\t\t\t\t<\/div>\n\t\t\t\t<\/div>\n\t\t\t\t\t<\/div>\n\t\t<\/div>\n\t\t\t\t<div class=\"elementor-column elementor-col-50 elementor-top-column elementor-element elementor-element-99bc13a\" data-id=\"99bc13a\" data-element_type=\"column\" data-settings=\"{&quot;background_background&quot;:&quot;classic&quot;}\">\n\t\t\t<div class=\"elementor-widget-wrap elementor-element-populated\">\n\t\t\t\t\t\t\t\t<div class=\"elementor-element elementor-element-c3d4c29 elementor-widget elementor-widget-qi_addons_for_elementor_message_box\" data-id=\"c3d4c29\" data-element_type=\"widget\" data-widget_type=\"qi_addons_for_elementor_message_box.default\">\n\t\t\t\t<div class=\"elementor-widget-container\">\n\t\t\t<div class=\"qodef-shortcode qodef-m  qodef-qi-message-box qodef-icon--top\">\n\t\t<span class=\"qodef-m-icon\">\n\t\t\t<\/span>\n\t<div>\n\t\t\t\t\t<p class=\"qodef-m-text\">\n\t\tDiscover the latest news and learn more about the projects and their creation in detail: visit the section dedicated to the press review and press releases of Wake Up! 2024.\t<\/p>\n\t<\/div>\n\t\t<span class=\"qodef-m-close-icon\">\n\t\t\t<\/span>\n<\/div>\n\t\t<\/div>\n\t\t\t\t<\/div>\n\t\t\t\t\t<\/div>\n\t\t<\/div>\n\t\t\t\t\t\t\t<\/div>\n\t\t<\/section>\n\t\t\t\t<section class=\"elementor-section elementor-top-section elementor-element elementor-element-38056a8 elementor-section-boxed elementor-section-height-default elementor-section-height-default parallax_section_no qode_elementor_container_no\" data-id=\"38056a8\" data-element_type=\"section\" data-settings=\"{&quot;animation&quot;:&quot;none&quot;}\">\n\t\t\t\t\t\t<div class=\"elementor-container elementor-column-gap-default\">\n\t\t\t\t\t<div class=\"elementor-column elementor-col-100 elementor-top-column elementor-element elementor-element-1ed7327\" data-id=\"1ed7327\" data-element_type=\"column\">\n\t\t\t<div class=\"elementor-widget-wrap elementor-element-populated\">\n\t\t\t\t\t\t\t\t<div class=\"elementor-element elementor-element-53feb7c elementor-invisible elementor-widget elementor-widget-text-editor\" data-id=\"53feb7c\" data-element_type=\"widget\" data-settings=\"{&quot;_animation&quot;:&quot;flash&quot;}\" data-widget_type=\"text-editor.default\">\n\t\t\t\t<div class=\"elementor-widget-container\">\n\t\t\t\t\t\t\t<h2><a style=\"color: #fff !important;\" href=\"https:\/\/www.theplan.it\/politecnica-university-press\/the-new-made-in-italy-wake-up-project\" target=\"_blank\" rel=\"noopener\"><span style=\"text-decoration: underline;\">&gt;&gt; Download Wake Up! Ebook for free &lt;&lt;<\/span><\/a><\/h2>\t\t\t\t\t\t<\/div>\n\t\t\t\t<\/div>\n\t\t\t\t\t<\/div>\n\t\t<\/div>\n\t\t\t\t\t\t\t<\/div>\n\t\t<\/section>\n\t\t\t\t<section class=\"elementor-section elementor-top-section elementor-element elementor-element-adf13c1 elementor-section-boxed elementor-section-height-default elementor-section-height-default parallax_section_no qode_elementor_container_no\" data-id=\"adf13c1\" data-element_type=\"section\">\n\t\t\t\t\t\t<div class=\"elementor-container elementor-column-gap-default\">\n\t\t\t\t\t<div class=\"elementor-column elementor-col-50 elementor-top-column elementor-element elementor-element-d3c59ac\" data-id=\"d3c59ac\" data-element_type=\"column\">\n\t\t\t<div class=\"elementor-widget-wrap elementor-element-populated\">\n\t\t\t\t\t\t\t\t<div class=\"elementor-element elementor-element-cb593de elementor-widget elementor-widget-text-editor\" data-id=\"cb593de\" data-element_type=\"widget\" data-widget_type=\"text-editor.default\">\n\t\t\t\t<div class=\"elementor-widget-container\">\n\t\t\t\t\t\t\t<a href=\"https:\/\/www.wakeupspace.com\/en\/categories\/program\/\"><strong>&lt;&lt; PROGRAM<\/strong><\/a>\t\t\t\t\t\t<\/div>\n\t\t\t\t<\/div>\n\t\t\t\t\t<\/div>\n\t\t<\/div>\n\t\t\t\t<div class=\"elementor-column elementor-col-50 elementor-top-column elementor-element elementor-element-bd6f0f8\" data-id=\"bd6f0f8\" data-element_type=\"column\">\n\t\t\t<div class=\"elementor-widget-wrap elementor-element-populated\">\n\t\t\t\t\t\t\t\t<div class=\"elementor-element elementor-element-f5df609 elementor-widget elementor-widget-text-editor\" data-id=\"f5df609\" data-element_type=\"widget\" data-widget_type=\"text-editor.default\">\n\t\t\t\t<div class=\"elementor-widget-container\">\n\t\t\t\t\t\t\t<a href=\"https:\/\/www.wakeupspace.com\/en\/categories\/projects\"><strong>PROJECTS &gt;&gt;<\/strong><\/a>\t\t\t\t\t\t<\/div>\n\t\t\t\t<\/div>\n\t\t\t\t\t<\/div>\n\t\t<\/div>\n\t\t\t\t\t\t\t<\/div>\n\t\t<\/section>\n\t\t\t\t<section class=\"elementor-section elementor-top-section elementor-element elementor-element-77b9a6a animated-fast elementor-hidden-desktop elementor-hidden-tablet elementor-hidden-mobile elementor-section-boxed elementor-section-height-default elementor-section-height-default parallax_section_no qode_elementor_container_no elementor-invisible\" data-id=\"77b9a6a\" data-element_type=\"section\" data-settings=\"{&quot;animation&quot;:&quot;flash&quot;}\">\n\t\t\t\t\t\t<div class=\"elementor-container elementor-column-gap-default\">\n\t\t\t\t\t<div class=\"elementor-column elementor-col-100 elementor-top-column elementor-element elementor-element-51af59f\" data-id=\"51af59f\" data-element_type=\"column\">\n\t\t\t<div class=\"elementor-widget-wrap elementor-element-populated\">\n\t\t\t\t\t\t\t\t<div class=\"elementor-element elementor-element-b3f2fb2 elementor-widget elementor-widget-text-editor\" data-id=\"b3f2fb2\" data-element_type=\"widget\" data-widget_type=\"text-editor.default\">\n\t\t\t\t<div class=\"elementor-widget-container\">\n\t\t\t\t\t\t\t<h2>WAKE UP! THE TIME IS NOW<\/h2>\t\t\t\t\t\t<\/div>\n\t\t\t\t<\/div>\n\t\t\t\t<div class=\"elementor-element elementor-element-89dc52d elementor-widget elementor-widget-text-editor\" data-id=\"89dc52d\" data-element_type=\"widget\" data-widget_type=\"text-editor.default\">\n\t\t\t\t<div class=\"elementor-widget-container\">\n\t\t\t\t\t\t\t<p class=\"p1\">NASCE IL NUOVO EVENTO RIVOLTO ALLE TENDENZE E A CHI LE CREA.<\/p><p>\u00a0<\/p><p class=\"p1\">DEDICATO ALLE ESPRESSIONI DELL\u2019ESTRO, DALL\u2019APPAREL AGLI ACCESSORI, DAL DESIGN ALL\u2019EDUTAINMENT, WAKEUP! OFFRE LA POSSIBILIT\u00c0 A CREATIVI, NEW BRAND E REALT\u00c0 GI\u00c0 AFFERMATE DI ESPORRE LE PROPRIE CREAZIONI AL PUBBLICO.<span class=\"Apple-converted-space\">\u00a0<\/span><\/p><p>\u00a0<\/p><p class=\"p1\">WAKE UP! SI PONE COME GENERATORE DI OCCASIONI, SCAMBI DI IDEE, INCUBATORE E SCOUTER DI TRENDS.<\/p>\t\t\t\t\t\t<\/div>\n\t\t\t\t<\/div>\n\t\t\t\t\t<\/div>\n\t\t<\/div>\n\t\t\t\t\t\t\t<\/div>\n\t\t<\/section>\n\t\t\t\t<section class=\"elementor-section elementor-top-section elementor-element elementor-element-7036a8b elementor-hidden-desktop elementor-hidden-tablet elementor-hidden-mobile elementor-section-boxed elementor-section-height-default elementor-section-height-default parallax_section_no qode_elementor_container_no\" data-id=\"7036a8b\" data-element_type=\"section\" data-settings=\"{&quot;animation&quot;:&quot;none&quot;}\">\n\t\t\t\t\t\t<div class=\"elementor-container elementor-column-gap-default\">\n\t\t\t\t\t<div class=\"elementor-column elementor-col-100 elementor-top-column elementor-element elementor-element-24a5d9a\" data-id=\"24a5d9a\" data-element_type=\"column\">\n\t\t\t<div class=\"elementor-widget-wrap elementor-element-populated\">\n\t\t\t\t\t\t\t\t<div class=\"elementor-element elementor-element-0e8caeb elementor-invisible elementor-widget elementor-widget-text-editor\" data-id=\"0e8caeb\" data-element_type=\"widget\" data-settings=\"{&quot;_animation&quot;:&quot;flash&quot;,&quot;_animation_delay&quot;:0}\" data-widget_type=\"text-editor.default\">\n\t\t\t\t<div class=\"elementor-widget-container\">\n\t\t\t\t\t\t\t<div class=\"page\" title=\"Page 2\">\n<div class=\"section\">\n<div class=\"layoutArea\">\n<div class=\"column\">\n<h2><a href=\"https:\/\/www.wakeupspace.com\/wp-content\/uploads\/2022\/11\/DP-WAKEUP-DREAMSIGNERS-2023.pdf\"><span style=\"text-decoration: underline;\">&gt;&gt; DOMANDA DI PARTECIPAZIONE &lt;&lt;<\/span><\/a><\/h2>\n<\/div>\n<\/div>\n<\/div>\n<\/div>\t\t\t\t\t\t<\/div>\n\t\t\t\t<\/div>\n\t\t\t\t<div class=\"elementor-element elementor-element-4059ecd elementor-widget elementor-widget-text-editor\" data-id=\"4059ecd\" data-element_type=\"widget\" data-settings=\"{&quot;_animation&quot;:&quot;none&quot;,&quot;_animation_delay&quot;:0}\" data-widget_type=\"text-editor.default\">\n\t\t\t\t<div class=\"elementor-widget-container\">\n\t\t\t\t\t\t\t<div class=\"page\" title=\"Page 2\"><div class=\"section\"><div class=\"layoutArea\"><div class=\"column\"><p><strong>La compilazione della presente non garantisce la partecipazione all\u2019evento.<\/strong><\/p><p><strong>Sar\u00e0 cura della Segreteria Organizzativa vagliare ogni singola richiesta.<\/strong><\/p><\/div><\/div><\/div><\/div>\t\t\t\t\t\t<\/div>\n\t\t\t\t<\/div>\n\t\t\t\t\t<\/div>\n\t\t<\/div>\n\t\t\t\t\t\t\t<\/div>\n\t\t<\/section>\n\t\t\t\t<section class=\"elementor-section elementor-top-section elementor-element elementor-element-fcd3e14 elementor-hidden-desktop elementor-hidden-tablet elementor-hidden-mobile elementor-section-boxed elementor-section-height-default elementor-section-height-default parallax_section_no qode_elementor_container_no\" data-id=\"fcd3e14\" data-element_type=\"section\">\n\t\t\t\t\t\t<div class=\"elementor-container elementor-column-gap-default\">\n\t\t\t\t\t<div class=\"elementor-column elementor-col-100 elementor-top-column elementor-element elementor-element-6c49e59\" data-id=\"6c49e59\" data-element_type=\"column\">\n\t\t\t<div class=\"elementor-widget-wrap elementor-element-populated\">\n\t\t\t\t\t\t\t\t<div class=\"elementor-element elementor-element-f825901 elementor-widget elementor-widget-heading\" data-id=\"f825901\" data-element_type=\"widget\" data-widget_type=\"heading.default\">\n\t\t\t\t<div class=\"elementor-widget-container\">\n\t\t\t<h2 class=\"elementor-heading-title elementor-size-default\">VUOI PARTECIPARE A WAKE UP?<br> SCRIVICI PER INFO<\/h2>\t\t<\/div>\n\t\t\t\t<\/div>\n\t\t\t\t<div class=\"elementor-element elementor-element-d45c109 elementor-widget elementor-widget-bridge_cf_7\" data-id=\"d45c109\" data-element_type=\"widget\" data-widget_type=\"bridge_cf_7.default\">\n\t\t\t\t<div class=\"elementor-widget-container\">\n\t\t\t    <div class=\"qode-contact-form-7 qode-contact-form-7-0\">\n    [contact-form-7 404 \"Not Found\"]    <\/div>\n\t\t<\/div>\n\t\t\t\t<\/div>\n\t\t\t\t\t<\/div>\n\t\t<\/div>\n\t\t\t\t\t\t\t<\/div>\n\t\t<\/section>\n\t\t\t\t\t\t\t<\/div>\n\t\t","protected":false},"excerpt":{"rendered":"<p>WAKE UP! \/ CATEGORIES PRESS ENTER THE WAKE UP EXPERIENCE! AND IMMERSE YOURSELF IN THE STORIES, SUCCESSES AND PERSPECTIVES THAT SHAPE THE PATH OF THE STUDENTS OF THE POLITECNICO DI MILAN SCHOOL OF DESIGN TOWARDS INNOVATION AND EXCELLENCE IN THE SECTOR OF FASHION, DESIGN AND&#8230;<\/p>\n","protected":false},"author":6,"featured_media":0,"parent":3712,"menu_order":0,"comment_status":"closed","ping_status":"closed","template":"full_width.php","meta":[],"yoast_head":"<!-- This site is optimized with the Yoast SEO plugin v19.4 - https:\/\/yoast.com\/wordpress\/plugins\/seo\/ -->\n<title>Categories: Press \/\/ Wake Up!<\/title>\n<meta name=\"robots\" content=\"index, follow, max-snippet:-1, max-image-preview:large, max-video-preview:-1\" \/>\n<link rel=\"canonical\" href=\"https:\/\/www.wakeupspace.com\/en\/categories\/press\/\" \/>\n<meta property=\"og:locale\" content=\"en_US\" \/>\n<meta property=\"og:type\" content=\"article\" \/>\n<meta property=\"og:title\" content=\"Categories: Press \/\/ Wake Up!\" \/>\n<meta property=\"og:description\" content=\"WAKE UP! \/ CATEGORIES PRESS ENTER THE WAKE UP EXPERIENCE! AND IMMERSE YOURSELF IN THE STORIES, SUCCESSES AND PERSPECTIVES THAT SHAPE THE PATH OF THE STUDENTS OF THE POLITECNICO DI MILAN SCHOOL OF DESIGN TOWARDS INNOVATION AND EXCELLENCE IN THE SECTOR OF FASHION, DESIGN AND...\" \/>\n<meta property=\"og:url\" content=\"https:\/\/www.wakeupspace.com\/en\/categories\/press\/\" \/>\n<meta property=\"og:site_name\" content=\"Wake Up\" \/>\n<meta property=\"article:modified_time\" content=\"2024-02-26T16:21:55+00:00\" \/>\n<meta property=\"og:image\" content=\"https:\/\/www.wakeupspace.com\/wp-content\/uploads\/2022\/12\/NewWave-Wake-Up3.jpg\" \/>\n<meta name=\"twitter:card\" content=\"summary_large_image\" \/>\n<meta name=\"twitter:label1\" content=\"Est. reading time\" \/>\n\t<meta name=\"twitter:data1\" content=\"2 minutes\" \/>\n<script type=\"application\/ld+json\" class=\"yoast-schema-graph\">{\"@context\":\"https:\/\/schema.org\",\"@graph\":[{\"@type\":\"WebSite\",\"@id\":\"https:\/\/www.wakeupspace.com\/en\/#website\",\"url\":\"https:\/\/www.wakeupspace.com\/en\/\",\"name\":\"Wake Up\",\"description\":\"Dreamsigners\",\"potentialAction\":[{\"@type\":\"SearchAction\",\"target\":{\"@type\":\"EntryPoint\",\"urlTemplate\":\"https:\/\/www.wakeupspace.com\/en\/?s={search_term_string}\"},\"query-input\":\"required name=search_term_string\"}],\"inLanguage\":\"en-US\"},{\"@type\":\"WebPage\",\"@id\":\"https:\/\/www.wakeupspace.com\/en\/categories\/press\/\",\"url\":\"https:\/\/www.wakeupspace.com\/en\/categories\/press\/\",\"name\":\"Categories: Press \/\/ Wake Up!\",\"isPartOf\":{\"@id\":\"https:\/\/www.wakeupspace.com\/en\/#website\"},\"datePublished\":\"2024-01-09T13:14:05+00:00\",\"dateModified\":\"2024-02-26T16:21:55+00:00\",\"breadcrumb\":{\"@id\":\"https:\/\/www.wakeupspace.com\/en\/categories\/press\/#breadcrumb\"},\"inLanguage\":\"en-US\",\"potentialAction\":[{\"@type\":\"ReadAction\",\"target\":[\"https:\/\/www.wakeupspace.com\/en\/categories\/press\/\"]}]},{\"@type\":\"BreadcrumbList\",\"@id\":\"https:\/\/www.wakeupspace.com\/en\/categories\/press\/#breadcrumb\",\"itemListElement\":[{\"@type\":\"ListItem\",\"position\":1,\"name\":\"Home\",\"item\":\"https:\/\/www.wakeupspace.com\/en\/\"},{\"@type\":\"ListItem\",\"position\":2,\"name\":\"Categories\",\"item\":\"https:\/\/www.wakeupspace.com\/en\/categories\/\"},{\"@type\":\"ListItem\",\"position\":3,\"name\":\"Press\"}]}]}<\/script>\n<!-- \/ Yoast SEO plugin. -->","yoast_head_json":{"title":"Categories: Press \/\/ Wake Up!","robots":{"index":"index","follow":"follow","max-snippet":"max-snippet:-1","max-image-preview":"max-image-preview:large","max-video-preview":"max-video-preview:-1"},"canonical":"https:\/\/www.wakeupspace.com\/en\/categories\/press\/","og_locale":"en_US","og_type":"article","og_title":"Categories: Press \/\/ Wake Up!","og_description":"WAKE UP! \/ CATEGORIES PRESS ENTER THE WAKE UP EXPERIENCE! AND IMMERSE YOURSELF IN THE STORIES, SUCCESSES AND PERSPECTIVES THAT SHAPE THE PATH OF THE STUDENTS OF THE POLITECNICO DI MILAN SCHOOL OF DESIGN TOWARDS INNOVATION AND EXCELLENCE IN THE SECTOR OF FASHION, DESIGN AND...","og_url":"https:\/\/www.wakeupspace.com\/en\/categories\/press\/","og_site_name":"Wake Up","article_modified_time":"2024-02-26T16:21:55+00:00","og_image":[{"url":"https:\/\/www.wakeupspace.com\/wp-content\/uploads\/2022\/12\/NewWave-Wake-Up3.jpg"}],"twitter_card":"summary_large_image","twitter_misc":{"Est. reading time":"2 minutes"},"schema":{"@context":"https:\/\/schema.org","@graph":[{"@type":"WebSite","@id":"https:\/\/www.wakeupspace.com\/en\/#website","url":"https:\/\/www.wakeupspace.com\/en\/","name":"Wake Up","description":"Dreamsigners","potentialAction":[{"@type":"SearchAction","target":{"@type":"EntryPoint","urlTemplate":"https:\/\/www.wakeupspace.com\/en\/?s={search_term_string}"},"query-input":"required name=search_term_string"}],"inLanguage":"en-US"},{"@type":"WebPage","@id":"https:\/\/www.wakeupspace.com\/en\/categories\/press\/","url":"https:\/\/www.wakeupspace.com\/en\/categories\/press\/","name":"Categories: Press \/\/ Wake Up!","isPartOf":{"@id":"https:\/\/www.wakeupspace.com\/en\/#website"},"datePublished":"2024-01-09T13:14:05+00:00","dateModified":"2024-02-26T16:21:55+00:00","breadcrumb":{"@id":"https:\/\/www.wakeupspace.com\/en\/categories\/press\/#breadcrumb"},"inLanguage":"en-US","potentialAction":[{"@type":"ReadAction","target":["https:\/\/www.wakeupspace.com\/en\/categories\/press\/"]}]},{"@type":"BreadcrumbList","@id":"https:\/\/www.wakeupspace.com\/en\/categories\/press\/#breadcrumb","itemListElement":[{"@type":"ListItem","position":1,"name":"Home","item":"https:\/\/www.wakeupspace.com\/en\/"},{"@type":"ListItem","position":2,"name":"Categories","item":"https:\/\/www.wakeupspace.com\/en\/categories\/"},{"@type":"ListItem","position":3,"name":"Press"}]}]}},"_links":{"self":[{"href":"https:\/\/www.wakeupspace.com\/en\/wp-json\/wp\/v2\/pages\/3718"}],"collection":[{"href":"https:\/\/www.wakeupspace.com\/en\/wp-json\/wp\/v2\/pages"}],"about":[{"href":"https:\/\/www.wakeupspace.com\/en\/wp-json\/wp\/v2\/types\/page"}],"author":[{"embeddable":true,"href":"https:\/\/www.wakeupspace.com\/en\/wp-json\/wp\/v2\/users\/6"}],"replies":[{"embeddable":true,"href":"https:\/\/www.wakeupspace.com\/en\/wp-json\/wp\/v2\/comments?post=3718"}],"version-history":[{"count":13,"href":"https:\/\/www.wakeupspace.com\/en\/wp-json\/wp\/v2\/pages\/3718\/revisions"}],"predecessor-version":[{"id":3979,"href":"https:\/\/www.wakeupspace.com\/en\/wp-json\/wp\/v2\/pages\/3718\/revisions\/3979"}],"up":[{"embeddable":true,"href":"https:\/\/www.wakeupspace.com\/en\/wp-json\/wp\/v2\/pages\/3712"}],"wp:attachment":[{"href":"https:\/\/www.wakeupspace.com\/en\/wp-json\/wp\/v2\/media?parent=3718"}],"curies":[{"name":"wp","href":"https:\/\/api.w.org\/{rel}","templated":true}]}}