{"id":3729,"date":"2024-01-09T13:56:03","date_gmt":"2024-01-09T12:56:03","guid":{"rendered":"https:\/\/www.wakeupspace.com\/?page_id=3729"},"modified":"2024-02-26T17:24:05","modified_gmt":"2024-02-26T16:24:05","slug":"program","status":"publish","type":"page","link":"https:\/\/www.wakeupspace.com\/en\/categories\/program\/","title":{"rendered":"Program"},"content":{"rendered":"\t\t<div data-elementor-type=\"wp-page\" data-elementor-id=\"3729\" class=\"elementor elementor-3729 elementor-3386\">\n\t\t\t\t\t\t\t\t\t<section class=\"elementor-section elementor-top-section elementor-element elementor-element-ddc0dc5 elementor-section-boxed elementor-section-height-default elementor-section-height-default parallax_section_no qode_elementor_container_no\" data-id=\"ddc0dc5\" data-element_type=\"section\">\n\t\t\t\t\t\t<div class=\"elementor-container elementor-column-gap-default\">\n\t\t\t\t\t<div class=\"elementor-column elementor-col-100 elementor-top-column elementor-element elementor-element-29c206a\" data-id=\"29c206a\" data-element_type=\"column\">\n\t\t\t<div class=\"elementor-widget-wrap elementor-element-populated\">\n\t\t\t\t\t\t\t\t<div class=\"elementor-element elementor-element-2d681d8 elementor-widget elementor-widget-text-editor\" data-id=\"2d681d8\" data-element_type=\"widget\" data-widget_type=\"text-editor.default\">\n\t\t\t\t<div class=\"elementor-widget-container\">\n\t\t\t<style>\/*! elementor - v3.6.8 - 27-07-2022 *\/\n.elementor-widget-text-editor.elementor-drop-cap-view-stacked .elementor-drop-cap{background-color:#818a91;color:#fff}.elementor-widget-text-editor.elementor-drop-cap-view-framed .elementor-drop-cap{color:#818a91;border:3px solid;background-color:transparent}.elementor-widget-text-editor:not(.elementor-drop-cap-view-default) .elementor-drop-cap{margin-top:8px}.elementor-widget-text-editor:not(.elementor-drop-cap-view-default) .elementor-drop-cap-letter{width:1em;height:1em}.elementor-widget-text-editor .elementor-drop-cap{float:left;text-align:center;line-height:1;font-size:50px}.elementor-widget-text-editor .elementor-drop-cap-letter{display:inline-block}<\/style>\t\t\t\t<h3><span style=\"text-decoration: underline;\">WAKE UP! \/ CATEGORIES<\/span><\/h3>\t\t\t\t\t\t<\/div>\n\t\t\t\t<\/div>\n\t\t\t\t<div class=\"elementor-element elementor-element-c41b506 elementor-widget elementor-widget-heading\" data-id=\"c41b506\" data-element_type=\"widget\" data-widget_type=\"heading.default\">\n\t\t\t\t<div class=\"elementor-widget-container\">\n\t\t\t<style>\/*! elementor - v3.6.8 - 27-07-2022 *\/\n.elementor-heading-title{padding:0;margin:0;line-height:1}.elementor-widget-heading .elementor-heading-title[class*=elementor-size-]>a{color:inherit;font-size:inherit;line-height:inherit}.elementor-widget-heading .elementor-heading-title.elementor-size-small{font-size:15px}.elementor-widget-heading .elementor-heading-title.elementor-size-medium{font-size:19px}.elementor-widget-heading .elementor-heading-title.elementor-size-large{font-size:29px}.elementor-widget-heading .elementor-heading-title.elementor-size-xl{font-size:39px}.elementor-widget-heading .elementor-heading-title.elementor-size-xxl{font-size:59px}<\/style><h1 class=\"elementor-heading-title elementor-size-default\">PROGRAM<\/h1>\t\t<\/div>\n\t\t\t\t<\/div>\n\t\t\t\t\t<\/div>\n\t\t<\/div>\n\t\t\t\t\t\t\t<\/div>\n\t\t<\/section>\n\t\t\t\t<section class=\"elementor-section elementor-top-section elementor-element elementor-element-f94bfe6 elementor-section-boxed elementor-section-height-default elementor-section-height-default parallax_section_no qode_elementor_container_no\" data-id=\"f94bfe6\" data-element_type=\"section\">\n\t\t\t\t\t\t<div class=\"elementor-container elementor-column-gap-default\">\n\t\t\t\t\t<div class=\"elementor-column elementor-col-100 elementor-top-column elementor-element elementor-element-f02b8e7\" data-id=\"f02b8e7\" data-element_type=\"column\">\n\t\t\t<div class=\"elementor-widget-wrap elementor-element-populated\">\n\t\t\t\t\t\t\t\t<div class=\"elementor-element elementor-element-72b6513 elementor-widget elementor-widget-text-editor\" data-id=\"72b6513\" data-element_type=\"widget\" data-widget_type=\"text-editor.default\">\n\t\t\t\t<div class=\"elementor-widget-container\">\n\t\t\t\t\t\t\t<p class=\"p1\">EXPLORE AN INTENSE WAVE OF INNOVATION AND CREATIVITY CONCENTRATED ON 2 AND 3 MARCH 2024.<\/p>\t\t\t\t\t\t<\/div>\n\t\t\t\t<\/div>\n\t\t\t\t<div class=\"elementor-element elementor-element-bf0e0ee elementor-widget elementor-widget-text-editor\" data-id=\"bf0e0ee\" data-element_type=\"widget\" data-widget_type=\"text-editor.default\">\n\t\t\t\t<div class=\"elementor-widget-container\">\n\t\t\t\t\t\t\t<p class=\"p1\">During these two days, Wake Up! will welcome interactive workshops, enlightening roundtables and stimulating conversations. Participants will have the opportunity to immerse themselves in cutting-edge projects, see emerging fashion take shape and attend talks from experts in the sector.<\/p>\t\t\t\t\t\t<\/div>\n\t\t\t\t<\/div>\n\t\t\t\t\t<\/div>\n\t\t<\/div>\n\t\t\t\t\t\t\t<\/div>\n\t\t<\/section>\n\t\t\t\t<section class=\"elementor-section elementor-top-section elementor-element elementor-element-3b3c774 elementor-section-boxed elementor-section-height-default elementor-section-height-default parallax_section_no qode_elementor_container_no\" data-id=\"3b3c774\" data-element_type=\"section\" data-settings=\"{&quot;animation&quot;:&quot;none&quot;}\">\n\t\t\t\t\t\t<div class=\"elementor-container elementor-column-gap-default\">\n\t\t\t\t\t<div class=\"elementor-column elementor-col-100 elementor-top-column elementor-element elementor-element-4632faa\" data-id=\"4632faa\" data-element_type=\"column\">\n\t\t\t<div class=\"elementor-widget-wrap elementor-element-populated\">\n\t\t\t\t\t\t\t\t<div class=\"elementor-element elementor-element-46eeb24 elementor-invisible elementor-widget elementor-widget-text-editor\" data-id=\"46eeb24\" data-element_type=\"widget\" data-settings=\"{&quot;_animation&quot;:&quot;flash&quot;}\" data-widget_type=\"text-editor.default\">\n\t\t\t\t<div class=\"elementor-widget-container\">\n\t\t\t\t\t\t\t<h2><a style=\"color: #fff !important;\" href=\"https:\/\/www.wakeupspace.com\/wp-content\/uploads\/2024\/02\/Wake-Up-edutainment-program.pdf\" target=\"_blank\" rel=\"noopener\"><span style=\"text-decoration: underline;\">&gt;&gt; Download the edutainment program &lt;&lt;<\/span><\/a><\/h2>\t\t\t\t\t\t<\/div>\n\t\t\t\t<\/div>\n\t\t\t\t\t<\/div>\n\t\t<\/div>\n\t\t\t\t\t\t\t<\/div>\n\t\t<\/section>\n\t\t\t\t<section class=\"elementor-section elementor-top-section elementor-element elementor-element-f13598d elementor-section-boxed elementor-section-height-default elementor-section-height-default parallax_section_no qode_elementor_container_no\" data-id=\"f13598d\" data-element_type=\"section\">\n\t\t\t\t\t\t<div class=\"elementor-container elementor-column-gap-default\">\n\t\t\t\t\t<div class=\"elementor-column elementor-col-50 elementor-top-column elementor-element elementor-element-99bc13a\" data-id=\"99bc13a\" data-element_type=\"column\" data-settings=\"{&quot;background_background&quot;:&quot;classic&quot;}\">\n\t\t\t<div class=\"elementor-widget-wrap elementor-element-populated\">\n\t\t\t\t\t\t\t\t<div class=\"elementor-element elementor-element-b29474b elementor-widget elementor-widget-image\" data-id=\"b29474b\" data-element_type=\"widget\" data-widget_type=\"image.default\">\n\t\t\t\t<div class=\"elementor-widget-container\">\n\t\t\t<style>\/*! elementor - v3.6.8 - 27-07-2022 *\/\n.elementor-widget-image{text-align:center}.elementor-widget-image a{display:inline-block}.elementor-widget-image a img[src$=\".svg\"]{width:48px}.elementor-widget-image img{vertical-align:middle;display:inline-block}<\/style>\t\t\t\t\t\t\t\t\t\t\t\t<img width=\"800\" height=\"530\" src=\"https:\/\/www.wakeupspace.com\/wp-content\/uploads\/2022\/12\/Fashion-Wake-Up.jpg\" class=\"attachment-large size-large\" alt=\"\" loading=\"lazy\" srcset=\"https:\/\/www.wakeupspace.com\/wp-content\/uploads\/2022\/12\/Fashion-Wake-Up.jpg 800w, https:\/\/www.wakeupspace.com\/wp-content\/uploads\/2022\/12\/Fashion-Wake-Up-300x199.jpg 300w, https:\/\/www.wakeupspace.com\/wp-content\/uploads\/2022\/12\/Fashion-Wake-Up-768x509.jpg 768w, https:\/\/www.wakeupspace.com\/wp-content\/uploads\/2022\/12\/Fashion-Wake-Up-700x464.jpg 700w\" sizes=\"(max-width: 800px) 100vw, 800px\" \/>\t\t\t\t\t\t\t\t\t\t\t\t\t\t\t<\/div>\n\t\t\t\t<\/div>\n\t\t\t\t\t<\/div>\n\t\t<\/div>\n\t\t\t\t<div class=\"elementor-column elementor-col-50 elementor-top-column elementor-element elementor-element-92a9ece elementor-invisible\" data-id=\"92a9ece\" data-element_type=\"column\" data-settings=\"{&quot;animation&quot;:&quot;fadeInRight&quot;}\">\n\t\t\t<div class=\"elementor-widget-wrap elementor-element-populated\">\n\t\t\t\t\t\t\t\t<div class=\"elementor-element elementor-element-0e327d7 elementor-widget elementor-widget-qi_addons_for_elementor_message_box\" data-id=\"0e327d7\" data-element_type=\"widget\" data-widget_type=\"qi_addons_for_elementor_message_box.default\">\n\t\t\t\t<div class=\"elementor-widget-container\">\n\t\t\t<div class=\"qodef-shortcode qodef-m  qodef-qi-message-box qodef-icon--top\">\n\t\t<span class=\"qodef-m-icon\">\n\t\t\t<\/span>\n\t<div>\n\t\t\t\t\t<p class=\"qodef-m-text\">\n\t\tBut it doesn't end here! Even after March 3, the students' creative projects will be on display until March 10, offering everyone the opportunity to continue exploring the ideas that will mark the future of Italian design.\t<\/p>\n\t<\/div>\n\t\t<span class=\"qodef-m-close-icon\">\n\t\t\t<\/span>\n<\/div>\n\t\t<\/div>\n\t\t\t\t<\/div>\n\t\t\t\t\t<\/div>\n\t\t<\/div>\n\t\t\t\t\t\t\t<\/div>\n\t\t<\/section>\n\t\t\t\t<section class=\"elementor-section elementor-top-section elementor-element elementor-element-1c51498 elementor-section-boxed elementor-section-height-default elementor-section-height-default parallax_section_no qode_elementor_container_no\" data-id=\"1c51498\" data-element_type=\"section\">\n\t\t\t\t\t\t<div class=\"elementor-container elementor-column-gap-default\">\n\t\t\t\t\t<div class=\"elementor-column elementor-col-50 elementor-top-column elementor-element elementor-element-94970af\" data-id=\"94970af\" data-element_type=\"column\">\n\t\t\t<div class=\"elementor-widget-wrap elementor-element-populated\">\n\t\t\t\t\t\t\t\t<div class=\"elementor-element elementor-element-0439a24 elementor-widget elementor-widget-text-editor\" data-id=\"0439a24\" data-element_type=\"widget\" data-widget_type=\"text-editor.default\">\n\t\t\t\t<div class=\"elementor-widget-container\">\n\t\t\t\t\t\t\t<a href=\"https:\/\/www.wakeupspace.com\/en\/categories\/projects\"><strong>&lt;&lt; PROJECTS<\/strong><\/a>\t\t\t\t\t\t<\/div>\n\t\t\t\t<\/div>\n\t\t\t\t\t<\/div>\n\t\t<\/div>\n\t\t\t\t<div class=\"elementor-column elementor-col-50 elementor-top-column elementor-element elementor-element-c47556e\" data-id=\"c47556e\" data-element_type=\"column\">\n\t\t\t<div class=\"elementor-widget-wrap elementor-element-populated\">\n\t\t\t\t\t\t\t\t<div class=\"elementor-element elementor-element-2e00d7e elementor-widget elementor-widget-text-editor\" data-id=\"2e00d7e\" data-element_type=\"widget\" data-widget_type=\"text-editor.default\">\n\t\t\t\t<div class=\"elementor-widget-container\">\n\t\t\t\t\t\t\t<a href=\"https:\/\/www.wakeupspace.com\/en\/categories\/press\/\"><strong>PRESS &gt;&gt;<\/strong><\/a>\t\t\t\t\t\t<\/div>\n\t\t\t\t<\/div>\n\t\t\t\t\t<\/div>\n\t\t<\/div>\n\t\t\t\t\t\t\t<\/div>\n\t\t<\/section>\n\t\t\t\t<section class=\"elementor-section elementor-top-section elementor-element elementor-element-7d638c8 animated-fast elementor-hidden-desktop elementor-hidden-tablet elementor-hidden-mobile elementor-section-boxed elementor-section-height-default elementor-section-height-default parallax_section_no qode_elementor_container_no elementor-invisible\" data-id=\"7d638c8\" data-element_type=\"section\" data-settings=\"{&quot;animation&quot;:&quot;flash&quot;}\">\n\t\t\t\t\t\t<div class=\"elementor-container elementor-column-gap-default\">\n\t\t\t\t\t<div class=\"elementor-column elementor-col-100 elementor-top-column elementor-element elementor-element-f442f7f\" data-id=\"f442f7f\" data-element_type=\"column\">\n\t\t\t<div class=\"elementor-widget-wrap elementor-element-populated\">\n\t\t\t\t\t\t\t\t<div class=\"elementor-element elementor-element-d5e7eeb elementor-widget elementor-widget-text-editor\" data-id=\"d5e7eeb\" data-element_type=\"widget\" data-widget_type=\"text-editor.default\">\n\t\t\t\t<div class=\"elementor-widget-container\">\n\t\t\t\t\t\t\t<h2>WAKE UP! THE TIME IS NOW<\/h2>\t\t\t\t\t\t<\/div>\n\t\t\t\t<\/div>\n\t\t\t\t<div class=\"elementor-element elementor-element-15294e6 elementor-widget elementor-widget-text-editor\" data-id=\"15294e6\" data-element_type=\"widget\" data-widget_type=\"text-editor.default\">\n\t\t\t\t<div class=\"elementor-widget-container\">\n\t\t\t\t\t\t\t<p class=\"p1\">NASCE IL NUOVO EVENTO RIVOLTO ALLE TENDENZE E A CHI LE CREA.<\/p><p>\u00a0<\/p><p class=\"p1\">DEDICATO ALLE ESPRESSIONI DELL\u2019ESTRO, DALL\u2019APPAREL AGLI ACCESSORI, DAL DESIGN ALL\u2019EDUTAINMENT, WAKEUP! OFFRE LA POSSIBILIT\u00c0 A CREATIVI, NEW BRAND E REALT\u00c0 GI\u00c0 AFFERMATE DI ESPORRE LE PROPRIE CREAZIONI AL PUBBLICO.<span class=\"Apple-converted-space\">\u00a0<\/span><\/p><p>\u00a0<\/p><p class=\"p1\">WAKE UP! SI PONE COME GENERATORE DI OCCASIONI, SCAMBI DI IDEE, INCUBATORE E SCOUTER DI TRENDS.<\/p>\t\t\t\t\t\t<\/div>\n\t\t\t\t<\/div>\n\t\t\t\t\t<\/div>\n\t\t<\/div>\n\t\t\t\t\t\t\t<\/div>\n\t\t<\/section>\n\t\t\t\t<section class=\"elementor-section elementor-top-section elementor-element elementor-element-5d76ce4 elementor-hidden-desktop elementor-hidden-tablet elementor-hidden-mobile elementor-section-boxed elementor-section-height-default elementor-section-height-default parallax_section_no qode_elementor_container_no\" data-id=\"5d76ce4\" data-element_type=\"section\">\n\t\t\t\t\t\t<div class=\"elementor-container elementor-column-gap-default\">\n\t\t\t\t\t<div class=\"elementor-column elementor-col-100 elementor-top-column elementor-element elementor-element-7e5a099\" data-id=\"7e5a099\" data-element_type=\"column\">\n\t\t\t<div class=\"elementor-widget-wrap elementor-element-populated\">\n\t\t\t\t\t\t\t\t<div class=\"elementor-element elementor-element-e4a9d2f elementor-widget elementor-widget-heading\" data-id=\"e4a9d2f\" data-element_type=\"widget\" data-widget_type=\"heading.default\">\n\t\t\t\t<div class=\"elementor-widget-container\">\n\t\t\t<h2 class=\"elementor-heading-title elementor-size-default\">VUOI PARTECIPARE A WAKE UP?<br>\nSCRIVICI PER INFO<\/h2>\t\t<\/div>\n\t\t\t\t<\/div>\n\t\t\t\t<div class=\"elementor-element elementor-element-669cd48 elementor-widget elementor-widget-bridge_cf_7\" data-id=\"669cd48\" data-element_type=\"widget\" data-widget_type=\"bridge_cf_7.default\">\n\t\t\t\t<div class=\"elementor-widget-container\">\n\t\t\t    <div class=\"qode-contact-form-7 qode-contact-form-7-0\">\n    [contact-form-7 404 \"Not Found\"]    <\/div>\n\t\t<\/div>\n\t\t\t\t<\/div>\n\t\t\t\t\t<\/div>\n\t\t<\/div>\n\t\t\t\t\t\t\t<\/div>\n\t\t<\/section>\n\t\t\t\t\t\t\t<\/div>\n\t\t","protected":false},"excerpt":{"rendered":"<p>WAKE UP! \/ CATEGORIES PROGRAM EXPLORE AN INTENSE WAVE OF INNOVATION AND CREATIVITY CONCENTRATED ON 2 AND 3 MARCH 2024. During these two days, Wake Up! will welcome interactive workshops, enlightening roundtables and stimulating conversations. Participants will have the opportunity to immerse themselves in cutting-edge&#8230;<\/p>\n","protected":false},"author":6,"featured_media":0,"parent":3712,"menu_order":0,"comment_status":"closed","ping_status":"closed","template":"full_width.php","meta":[],"yoast_head":"<!-- This site is optimized with the Yoast SEO plugin v19.4 - https:\/\/yoast.com\/wordpress\/plugins\/seo\/ -->\n<title>Categories: Program \/\/ Wake Up!<\/title>\n<meta name=\"robots\" content=\"index, follow, max-snippet:-1, max-image-preview:large, max-video-preview:-1\" \/>\n<link rel=\"canonical\" href=\"https:\/\/www.wakeupspace.com\/en\/categories\/program\/\" \/>\n<meta property=\"og:locale\" content=\"en_US\" \/>\n<meta property=\"og:type\" content=\"article\" \/>\n<meta property=\"og:title\" content=\"Categories: Program \/\/ Wake Up!\" \/>\n<meta property=\"og:description\" content=\"WAKE UP! \/ CATEGORIES PROGRAM EXPLORE AN INTENSE WAVE OF INNOVATION AND CREATIVITY CONCENTRATED ON 2 AND 3 MARCH 2024. During these two days, Wake Up! will welcome interactive workshops, enlightening roundtables and stimulating conversations. Participants will have the opportunity to immerse themselves in cutting-edge...\" \/>\n<meta property=\"og:url\" content=\"https:\/\/www.wakeupspace.com\/en\/categories\/program\/\" \/>\n<meta property=\"og:site_name\" content=\"Wake Up\" \/>\n<meta property=\"article:modified_time\" content=\"2024-02-26T16:24:05+00:00\" \/>\n<meta property=\"og:image\" content=\"https:\/\/www.wakeupspace.com\/wp-content\/uploads\/2022\/12\/Fashion-Wake-Up.jpg\" \/>\n<meta name=\"twitter:card\" content=\"summary_large_image\" \/>\n<meta name=\"twitter:label1\" content=\"Est. reading time\" \/>\n\t<meta name=\"twitter:data1\" content=\"2 minutes\" \/>\n<script type=\"application\/ld+json\" class=\"yoast-schema-graph\">{\"@context\":\"https:\/\/schema.org\",\"@graph\":[{\"@type\":\"WebSite\",\"@id\":\"https:\/\/www.wakeupspace.com\/en\/#website\",\"url\":\"https:\/\/www.wakeupspace.com\/en\/\",\"name\":\"Wake Up\",\"description\":\"Dreamsigners\",\"potentialAction\":[{\"@type\":\"SearchAction\",\"target\":{\"@type\":\"EntryPoint\",\"urlTemplate\":\"https:\/\/www.wakeupspace.com\/en\/?s={search_term_string}\"},\"query-input\":\"required name=search_term_string\"}],\"inLanguage\":\"en-US\"},{\"@type\":\"WebPage\",\"@id\":\"https:\/\/www.wakeupspace.com\/en\/categories\/program\/\",\"url\":\"https:\/\/www.wakeupspace.com\/en\/categories\/program\/\",\"name\":\"Categories: Program \/\/ Wake Up!\",\"isPartOf\":{\"@id\":\"https:\/\/www.wakeupspace.com\/en\/#website\"},\"datePublished\":\"2024-01-09T12:56:03+00:00\",\"dateModified\":\"2024-02-26T16:24:05+00:00\",\"breadcrumb\":{\"@id\":\"https:\/\/www.wakeupspace.com\/en\/categories\/program\/#breadcrumb\"},\"inLanguage\":\"en-US\",\"potentialAction\":[{\"@type\":\"ReadAction\",\"target\":[\"https:\/\/www.wakeupspace.com\/en\/categories\/program\/\"]}]},{\"@type\":\"BreadcrumbList\",\"@id\":\"https:\/\/www.wakeupspace.com\/en\/categories\/program\/#breadcrumb\",\"itemListElement\":[{\"@type\":\"ListItem\",\"position\":1,\"name\":\"Home\",\"item\":\"https:\/\/www.wakeupspace.com\/en\/\"},{\"@type\":\"ListItem\",\"position\":2,\"name\":\"Categories\",\"item\":\"https:\/\/www.wakeupspace.com\/en\/categories\/\"},{\"@type\":\"ListItem\",\"position\":3,\"name\":\"Program\"}]}]}<\/script>\n<!-- \/ Yoast SEO plugin. -->","yoast_head_json":{"title":"Categories: Program \/\/ Wake Up!","robots":{"index":"index","follow":"follow","max-snippet":"max-snippet:-1","max-image-preview":"max-image-preview:large","max-video-preview":"max-video-preview:-1"},"canonical":"https:\/\/www.wakeupspace.com\/en\/categories\/program\/","og_locale":"en_US","og_type":"article","og_title":"Categories: Program \/\/ Wake Up!","og_description":"WAKE UP! \/ CATEGORIES PROGRAM EXPLORE AN INTENSE WAVE OF INNOVATION AND CREATIVITY CONCENTRATED ON 2 AND 3 MARCH 2024. During these two days, Wake Up! will welcome interactive workshops, enlightening roundtables and stimulating conversations. Participants will have the opportunity to immerse themselves in cutting-edge...","og_url":"https:\/\/www.wakeupspace.com\/en\/categories\/program\/","og_site_name":"Wake Up","article_modified_time":"2024-02-26T16:24:05+00:00","og_image":[{"url":"https:\/\/www.wakeupspace.com\/wp-content\/uploads\/2022\/12\/Fashion-Wake-Up.jpg"}],"twitter_card":"summary_large_image","twitter_misc":{"Est. reading time":"2 minutes"},"schema":{"@context":"https:\/\/schema.org","@graph":[{"@type":"WebSite","@id":"https:\/\/www.wakeupspace.com\/en\/#website","url":"https:\/\/www.wakeupspace.com\/en\/","name":"Wake Up","description":"Dreamsigners","potentialAction":[{"@type":"SearchAction","target":{"@type":"EntryPoint","urlTemplate":"https:\/\/www.wakeupspace.com\/en\/?s={search_term_string}"},"query-input":"required name=search_term_string"}],"inLanguage":"en-US"},{"@type":"WebPage","@id":"https:\/\/www.wakeupspace.com\/en\/categories\/program\/","url":"https:\/\/www.wakeupspace.com\/en\/categories\/program\/","name":"Categories: Program \/\/ Wake Up!","isPartOf":{"@id":"https:\/\/www.wakeupspace.com\/en\/#website"},"datePublished":"2024-01-09T12:56:03+00:00","dateModified":"2024-02-26T16:24:05+00:00","breadcrumb":{"@id":"https:\/\/www.wakeupspace.com\/en\/categories\/program\/#breadcrumb"},"inLanguage":"en-US","potentialAction":[{"@type":"ReadAction","target":["https:\/\/www.wakeupspace.com\/en\/categories\/program\/"]}]},{"@type":"BreadcrumbList","@id":"https:\/\/www.wakeupspace.com\/en\/categories\/program\/#breadcrumb","itemListElement":[{"@type":"ListItem","position":1,"name":"Home","item":"https:\/\/www.wakeupspace.com\/en\/"},{"@type":"ListItem","position":2,"name":"Categories","item":"https:\/\/www.wakeupspace.com\/en\/categories\/"},{"@type":"ListItem","position":3,"name":"Program"}]}]}},"_links":{"self":[{"href":"https:\/\/www.wakeupspace.com\/en\/wp-json\/wp\/v2\/pages\/3729"}],"collection":[{"href":"https:\/\/www.wakeupspace.com\/en\/wp-json\/wp\/v2\/pages"}],"about":[{"href":"https:\/\/www.wakeupspace.com\/en\/wp-json\/wp\/v2\/types\/page"}],"author":[{"embeddable":true,"href":"https:\/\/www.wakeupspace.com\/en\/wp-json\/wp\/v2\/users\/6"}],"replies":[{"embeddable":true,"href":"https:\/\/www.wakeupspace.com\/en\/wp-json\/wp\/v2\/comments?post=3729"}],"version-history":[{"count":14,"href":"https:\/\/www.wakeupspace.com\/en\/wp-json\/wp\/v2\/pages\/3729\/revisions"}],"predecessor-version":[{"id":3982,"href":"https:\/\/www.wakeupspace.com\/en\/wp-json\/wp\/v2\/pages\/3729\/revisions\/3982"}],"up":[{"embeddable":true,"href":"https:\/\/www.wakeupspace.com\/en\/wp-json\/wp\/v2\/pages\/3712"}],"wp:attachment":[{"href":"https:\/\/www.wakeupspace.com\/en\/wp-json\/wp\/v2\/media?parent=3729"}],"curies":[{"name":"wp","href":"https:\/\/api.w.org\/{rel}","templated":true}]}}